{"id":344,"date":"2025-04-02T19:27:46","date_gmt":"2025-04-02T19:27:46","guid":{"rendered":"https:\/\/railingcanarias.es\/?page_id=344"},"modified":"2025-04-03T16:18:19","modified_gmt":"2025-04-03T16:18:19","slug":"aviso-legal","status":"publish","type":"page","link":"https:\/\/railingcanarias.es\/?page_id=344","title":{"rendered":"Aviso Legal"},"content":{"rendered":"\n[et_pb_section fb_built=\u00bb1&#8243; theme_builder_area=\u00bbpost_content\u00bb _builder_version=\u00bb4.20.4&#8243; _module_preset=\u00bbdefault\u00bb][et_pb_row _builder_version=\u00bb4.20.4&#8243; _module_preset=\u00bbdefault\u00bb theme_builder_area=\u00bbpost_content\u00bb][et_pb_column _builder_version=\u00bb4.20.4&#8243; _module_preset=\u00bbdefault\u00bb type=\u00bb4_4&#8243; theme_builder_area=\u00bbpost_content\u00bb][et_pb_text _builder_version=\u00bb4.20.4&#8243; _module_preset=\u00bbdefault\u00bb theme_builder_area=\u00bbpost_content\u00bb hover_enabled=\u00bb0&#8243; sticky_enabled=\u00bb0&#8243;]<p><strong>1. Informaci\u00f3n corporativa.\u00a0<\/strong>En virtud de las obligaciones establecidas por la Ley 34\/2002, de Servicios de la Sociedad de la Informaci\u00f3n y de Comercio Electr\u00f3nico, le informamos que el presente sitio web es propiedad de ST RAILING CANARIAS S.L. con C.I.F.  con domicilio en C\/ Los Dragos, 76 Pol\u00edgono Arinaga, Ag\u00fcimes, Las Palmas, 35118 y con los siguientes datos de contacto: 928905879\/ railingcanarias@gmail.com.<\/p>\n            <p ><strong>2. Protecci\u00f3n de contenidos.\u00a0<\/strong>El usuario reconoce y acepta que todos los derechos de propiedad industrial e intelectual sobre los contenidos y\/o cualesquiera otros elementos insertados por ST RAILING CANARIAS S.L. en el presente Sitio Web (incluyendo, a t\u00edtulo meramente enunciativo y no limitativo, todos aquellos elementos que conforman la apariencia visual, imagen gr\u00e1fica y otros est\u00edmulos sensoriales del sitio web o \u00ablook and feel\u00bb: marcas, logotipos, nombres comerciales, textos, im\u00e1genes, gr\u00e1ficos, dise\u00f1os, sonidos, bases de datos, software, diagramas de flujo, presentaci\u00f3n, arquitectura de navegaci\u00f3n, as\u00ed como los c\u00f3digos fuente de las p\u00e1ginas web) pertenecen a ST RAILING CANARIAS S.L. y\/o a terceros a los cuales les han cedido sus derechos.<\/p>\n            <p >En ning\u00fan caso el acceso al Sitio Web implica alg\u00fan tipo de permiso, renuncia, transmisi\u00f3n, licencia o cesi\u00f3n total ni parcial de dichos derechos por parte de sus titulares, salvo que se establezca expresamente lo contrario. Los presentes t\u00e9rminos y condiciones de uso del Sitio Web no confieren a los USUARIOS ning\u00fan otro derecho de utilizaci\u00f3n, alteraci\u00f3n, explotaci\u00f3n, reproducci\u00f3n, distribuci\u00f3n o comunicaci\u00f3n p\u00fablica del Sitio Web y\/o de sus contenidos distintos de los aqu\u00ed expresamente previstos.<\/p>\n            <p >Queda terminantemente prohibida la utilizaci\u00f3n de tales elementos, su total o parcial reproducci\u00f3n, comunicaci\u00f3n y\/o distribuci\u00f3n con fines comerciales o lucrativos, as\u00ed como su modificaci\u00f3n, alteraci\u00f3n, descompilaci\u00f3n y\/o cualquier otro acto de explotaci\u00f3n del Sitio Web.<\/p>\n            <p >Sin perjuicio de todo lo anterior, si el Usuario o un tercero estima que alg\u00fan contenido del Sitio Web pudiera vulnerar derechos de propiedad intelectual e industrial, rogamos as\u00ed lo pongan en nuestro conocimiento a la mayor brevedad posible.<\/p>\n            <p ><strong>3. Acceso y uso del sitio web.\u00a0<\/strong>Tanto el acceso al Sitio Web como el uso no consentido que pueda efectuarse de la informaci\u00f3n contenida en el mismo es de la exclusiva responsabilidad de quien lo realiza.<\/p>\n            <p >El usuario se compromete a utilizar los contenidos, informaci\u00f3n y datos del Sitio Web de conformidad con las presentes condiciones, t\u00e9rminos y pol\u00edticas, con la normativa de aplicaci\u00f3n y con las buenas costumbres generalmente aceptadas y el orden p\u00fablico.<\/p>\n            <p >El usuario se obliga a abstenerse de utilizar los contenidos del Sitio Web con fines o efectos il\u00edcitos, prohibidos o contrarios a los aqu\u00ed establecidos, lesivos de los derechos e intereses de ST RAILING CANARIAS S.L., de los dem\u00e1s usuarios, de terceros o que de cualquier forma puedan da\u00f1ar, inutilizar, sobrecargar o deteriorar el presente Sitio Web o impedir la normal utilizaci\u00f3n o disfrute del mismo por parte de los usuarios.<\/p>\n            <p >ST RAILING CANARIAS S.L. no responder\u00e1 de ninguna consecuencia, da\u00f1o o perjuicio que pudiera derivarse de dicho acceso o uso o del incumplimiento de las presentes condiciones, t\u00e9rminos y pol\u00edticas ni se har\u00e1 responsable de los errores de seguridad que se puedan producir ni de los da\u00f1os que puedan causarse al sistema inform\u00e1tico del usuario (hardware y software) o a los ficheros o documentos almacenados en el mismo como consecuencia de: (i) la presencia de un virus en el ordenador del usuario que sea utilizado para la conexi\u00f3n a los servicios y\/o productos ofrecidos por ST RAILING CANARIAS S.L. a trav\u00e9s de su Sitio Web; (ii) un mal funcionamiento del navegador; (iii) el uso de versiones no actualizadas del mismo.<\/p>\n            <p ><strong>4. Enlaces a terceros.\u00a0<\/strong>En el presente Sitio Web se pueden utilizar enlaces con otras p\u00e1ginas o sitios web. ST RAILING CANARIAS S.L. no se responsabiliza ni del contenido ni de las medidas de seguridad adoptadas por cualquier otra p\u00e1gina o sitio web a trav\u00e9s del cual se tiene acceso desde el presente Sitio Web, sitios a los que accede el interesado bajo su exclusiva responsabilidad.<\/p>\n            <p >Asimismo, tampoco se garantiza la ausencia de virus u otros elementos en los contenidos enlazados desde el Sitio Web de ST RAILING CANARIAS S.L. que puedan producir alteraciones en el sistema inform\u00e1tico (hardware y software) y\/o en los documentos o los ficheros del Usuario, excluyendo asimismo a ST RAILING CANARIAS S.L. de toda responsabilidad derivada de los da\u00f1os de cualquier \u00edndole ocasionados por todo lo anterior.<\/p>\n            <p ><strong>5. Redes sociales.<\/strong><\/p>\n            <p >Le informamos qu\u00e9 ST RAILING CANARIAS S.L.\u00a0puede tener presencia en redes sociales. El tratamiento de los datos que se lleve a cabo de las personas que se hagan seguidoras en las redes sociales (y\/o realicen cualquier v\u00ednculo o acci\u00f3n de conexi\u00f3n a trav\u00e9s de las redes sociales) de las p\u00e1ginas oficiales de ST RAILING CANARIAS S.L.\u00a0se regir\u00e1 por este apartado, as\u00ed como por aquellas condiciones de uso, pol\u00edticas de privacidad y normativas de acceso que pertenezcan a la red social que proceda en cada caso y aceptadas previamente por el usuario.<\/p>\n            <p >ST RAILING CANARIAS S.L. tratar\u00e1 sus datos con las finalidades de administrar correctamente su presencia en la red social, inform\u00e1ndole de actividades productos o servicios de ST RAILING CANARIAS S.L., as\u00ed como para cualquier otra finalidad que las normativas de las Redes Sociales permitan.<\/p>\n            <p >Queda prohibida la publicaci\u00f3n de contenidos:<\/p>\n            \n            <ul >\n                <li>Que sean presuntamente il\u00edcitos por la normativa nacional, comunitaria o internacional o que realicen actividades presuntamente il\u00edcitas o contravengan los principios de la buena fe.<\/li>\n                <li>Que atenten contra los derechos fundamentales de las personas, falten a la cortes\u00eda en la red, molesten o puedan generar opiniones negativas en nuestros usuarios o terceros y en general cualesquiera sean los contenidos que ST RAILING CANARIAS S.L.\u00a0considere no apropiados.<\/li>\n                <li>Y en general que contravengan los principios de legalidad, honradez, responsabilidad, protecci\u00f3n de la dignidad humana, protecci\u00f3n de menores, protecci\u00f3n del orden p\u00fablico, la protecci\u00f3n de la vida privada, la protecci\u00f3n del consumidor y los derechos de propiedad intelectual e industrial.<\/li>\n            <\/ul>\n            <p >Asimismo, ST RAILING CANARIAS S.L. se reserva la potestad de retirar, sin previo aviso del sitio web o de la red social corporativa aquellos contenidos que se consideren no apropiados.<\/p>\n            <p ><strong>6. Modificaci\u00f3n de AVISO LEGAL, Pol\u00edtica de Privacidad y de Protecci\u00f3n de Datos.\u00a0<\/strong>El Responsable del Fichero se reserva el derecho a modificar en todo momento y sin previo aviso las presentes condiciones, t\u00e9rminos y pol\u00edticas de privacidad para adaptarlas a las novedades legislativas o jurisprudenciales as\u00ed como a las modificaciones o pr\u00e1cticas de la industria, debiendo el usuario consultar peri\u00f3dicamente las presentes condiciones, t\u00e9rminos y pol\u00edticas a fin de comprobar o cerciorarse de la existencia de cambios en las mismas, tomando como referencia la fecha de la \u00faltima actualizaci\u00f3n.<\/p>[\/et_pb_text][\/et_pb_column][\/et_pb_row][\/et_pb_section]\n","protected":false},"excerpt":{"rendered":"<p>1. Informaci\u00f3n corporativa.\u00a0En virtud de las obligaciones establecidas por la Ley 34\/2002, de Servicios de la Sociedad de la Informaci\u00f3n y de Comercio Electr\u00f3nico, le informamos que el presente sitio web es propiedad de ST RAILING CANARIAS S.L. con C.I.F. con domicilio en C\/ Los Dragos, 76 Pol\u00edgono Arinaga, Ag\u00fcimes, Las Palmas, 35118 y con [&hellip;]<\/p>\n","protected":false},"author":3,"featured_media":0,"parent":0,"menu_order":0,"comment_status":"closed","ping_status":"closed","template":"","meta":{"_et_pb_use_builder":"on","_et_pb_old_content":"","_et_gb_content_width":"","footnotes":""},"class_list":["post-344","page","type-page","status-publish","hentry"],"aioseo_notices":[],"yoast_head":"<!-- This site is optimized with the Yoast SEO plugin v27.6 - https:\/\/yoast.com\/product\/yoast-seo-wordpress\/ -->\n<title>Aviso Legal - ST RAILING CANARIAS<\/title>\n<meta name=\"robots\" content=\"index, follow, max-snippet:-1, max-image-preview:large, max-video-preview:-1\" \/>\n<link rel=\"canonical\" href=\"https:\/\/railingcanarias.es\/?page_id=344\" \/>\n<meta property=\"og:locale\" content=\"es_ES\" \/>\n<meta property=\"og:type\" content=\"article\" \/>\n<meta property=\"og:title\" content=\"Aviso Legal - ST RAILING CANARIAS\" \/>\n<meta property=\"og:description\" content=\"1. Informaci\u00f3n corporativa.\u00a0En virtud de las obligaciones establecidas por la Ley 34\/2002, de Servicios de la Sociedad de la Informaci\u00f3n y de Comercio Electr\u00f3nico, le informamos que el presente sitio web es propiedad de ST RAILING CANARIAS S.L. con C.I.F. con domicilio en C\/ Los Dragos, 76 Pol\u00edgono Arinaga, Ag\u00fcimes, Las Palmas, 35118 y con [&hellip;]\" \/>\n<meta property=\"og:url\" content=\"https:\/\/railingcanarias.es\/?page_id=344\" \/>\n<meta property=\"og:site_name\" content=\"ST RAILING CANARIAS\" \/>\n<meta property=\"article:modified_time\" content=\"2025-04-03T16:18:19+00:00\" \/>\n<meta name=\"twitter:card\" content=\"summary_large_image\" \/>\n<meta name=\"twitter:label1\" content=\"Tiempo de lectura\" \/>\n\t<meta name=\"twitter:data1\" content=\"6 minutos\" \/>\n<script type=\"application\/ld+json\" class=\"yoast-schema-graph\">{\"@context\":\"https:\\\/\\\/schema.org\",\"@graph\":[{\"@type\":\"WebPage\",\"@id\":\"https:\\\/\\\/railingcanarias.es\\\/?page_id=344\",\"url\":\"https:\\\/\\\/railingcanarias.es\\\/?page_id=344\",\"name\":\"Aviso Legal - ST RAILING CANARIAS\",\"isPartOf\":{\"@id\":\"https:\\\/\\\/railingcanarias.es\\\/#website\"},\"datePublished\":\"2025-04-02T19:27:46+00:00\",\"dateModified\":\"2025-04-03T16:18:19+00:00\",\"breadcrumb\":{\"@id\":\"https:\\\/\\\/railingcanarias.es\\\/?page_id=344#breadcrumb\"},\"inLanguage\":\"es\",\"potentialAction\":[{\"@type\":\"ReadAction\",\"target\":[\"https:\\\/\\\/railingcanarias.es\\\/?page_id=344\"]}]},{\"@type\":\"BreadcrumbList\",\"@id\":\"https:\\\/\\\/railingcanarias.es\\\/?page_id=344#breadcrumb\",\"itemListElement\":[{\"@type\":\"ListItem\",\"position\":1,\"name\":\"Portada\",\"item\":\"https:\\\/\\\/railingcanarias.es\\\/\"},{\"@type\":\"ListItem\",\"position\":2,\"name\":\"Aviso Legal\"}]},{\"@type\":\"WebSite\",\"@id\":\"https:\\\/\\\/railingcanarias.es\\\/#website\",\"url\":\"https:\\\/\\\/railingcanarias.es\\\/\",\"name\":\"ST RAILING CANARIAS, S.L.\",\"description\":\"\",\"potentialAction\":[{\"@type\":\"SearchAction\",\"target\":{\"@type\":\"EntryPoint\",\"urlTemplate\":\"https:\\\/\\\/railingcanarias.es\\\/?s={search_term_string}\"},\"query-input\":{\"@type\":\"PropertyValueSpecification\",\"valueRequired\":true,\"valueName\":\"search_term_string\"}}],\"inLanguage\":\"es\"}]}<\/script>\n<!-- \/ Yoast SEO plugin. -->","yoast_head_json":{"title":"Aviso Legal - ST RAILING CANARIAS","robots":{"index":"index","follow":"follow","max-snippet":"max-snippet:-1","max-image-preview":"max-image-preview:large","max-video-preview":"max-video-preview:-1"},"canonical":"https:\/\/railingcanarias.es\/?page_id=344","og_locale":"es_ES","og_type":"article","og_title":"Aviso Legal - ST RAILING CANARIAS","og_description":"1. Informaci\u00f3n corporativa.\u00a0En virtud de las obligaciones establecidas por la Ley 34\/2002, de Servicios de la Sociedad de la Informaci\u00f3n y de Comercio Electr\u00f3nico, le informamos que el presente sitio web es propiedad de ST RAILING CANARIAS S.L. con C.I.F. con domicilio en C\/ Los Dragos, 76 Pol\u00edgono Arinaga, Ag\u00fcimes, Las Palmas, 35118 y con [&hellip;]","og_url":"https:\/\/railingcanarias.es\/?page_id=344","og_site_name":"ST RAILING CANARIAS","article_modified_time":"2025-04-03T16:18:19+00:00","twitter_card":"summary_large_image","twitter_misc":{"Tiempo de lectura":"6 minutos"},"schema":{"@context":"https:\/\/schema.org","@graph":[{"@type":"WebPage","@id":"https:\/\/railingcanarias.es\/?page_id=344","url":"https:\/\/railingcanarias.es\/?page_id=344","name":"Aviso Legal - ST RAILING CANARIAS","isPartOf":{"@id":"https:\/\/railingcanarias.es\/#website"},"datePublished":"2025-04-02T19:27:46+00:00","dateModified":"2025-04-03T16:18:19+00:00","breadcrumb":{"@id":"https:\/\/railingcanarias.es\/?page_id=344#breadcrumb"},"inLanguage":"es","potentialAction":[{"@type":"ReadAction","target":["https:\/\/railingcanarias.es\/?page_id=344"]}]},{"@type":"BreadcrumbList","@id":"https:\/\/railingcanarias.es\/?page_id=344#breadcrumb","itemListElement":[{"@type":"ListItem","position":1,"name":"Portada","item":"https:\/\/railingcanarias.es\/"},{"@type":"ListItem","position":2,"name":"Aviso Legal"}]},{"@type":"WebSite","@id":"https:\/\/railingcanarias.es\/#website","url":"https:\/\/railingcanarias.es\/","name":"ST RAILING CANARIAS, S.L.","description":"","potentialAction":[{"@type":"SearchAction","target":{"@type":"EntryPoint","urlTemplate":"https:\/\/railingcanarias.es\/?s={search_term_string}"},"query-input":{"@type":"PropertyValueSpecification","valueRequired":true,"valueName":"search_term_string"}}],"inLanguage":"es"}]}},"_links":{"self":[{"href":"https:\/\/railingcanarias.es\/index.php?rest_route=\/wp\/v2\/pages\/344","targetHints":{"allow":["GET"]}}],"collection":[{"href":"https:\/\/railingcanarias.es\/index.php?rest_route=\/wp\/v2\/pages"}],"about":[{"href":"https:\/\/railingcanarias.es\/index.php?rest_route=\/wp\/v2\/types\/page"}],"author":[{"embeddable":true,"href":"https:\/\/railingcanarias.es\/index.php?rest_route=\/wp\/v2\/users\/3"}],"replies":[{"embeddable":true,"href":"https:\/\/railingcanarias.es\/index.php?rest_route=%2Fwp%2Fv2%2Fcomments&post=344"}],"version-history":[{"count":4,"href":"https:\/\/railingcanarias.es\/index.php?rest_route=\/wp\/v2\/pages\/344\/revisions"}],"predecessor-version":[{"id":428,"href":"https:\/\/railingcanarias.es\/index.php?rest_route=\/wp\/v2\/pages\/344\/revisions\/428"}],"wp:attachment":[{"href":"https:\/\/railingcanarias.es\/index.php?rest_route=%2Fwp%2Fv2%2Fmedia&parent=344"}],"curies":[{"name":"wp","href":"https:\/\/api.w.org\/{rel}","templated":true}]}}