{"id":350,"date":"2025-04-02T19:38:48","date_gmt":"2025-04-02T19:38:48","guid":{"rendered":"https:\/\/railingcanarias.es\/?page_id=350"},"modified":"2025-04-02T19:40:14","modified_gmt":"2025-04-02T19:40:14","slug":"terminos-de-uso","status":"publish","type":"page","link":"https:\/\/railingcanarias.es\/?page_id=350","title":{"rendered":"T\u00e9rminos de Uso"},"content":{"rendered":"<p>[et_pb_section fb_built=\u00bb1&#8243; theme_builder_area=\u00bbpost_content\u00bb _builder_version=\u00bb4.20.4&#8243; _module_preset=\u00bbdefault\u00bb][et_pb_row _builder_version=\u00bb4.20.4&#8243; _module_preset=\u00bbdefault\u00bb theme_builder_area=\u00bbpost_content\u00bb][et_pb_column _builder_version=\u00bb4.20.4&#8243; _module_preset=\u00bbdefault\u00bb type=\u00bb4_4&#8243; theme_builder_area=\u00bbpost_content\u00bb][et_pb_text _builder_version=\u00bb4.20.4&#8243; _module_preset=\u00bbdefault\u00bb theme_builder_area=\u00bbpost_content\u00bb hover_enabled=\u00bb0&#8243; sticky_enabled=\u00bb0&#8243;]<\/p>\n<p><strong>ST RAILING CANARIAS S.L.<\/strong>, como responsable del presente Sitio Web y de conformidad con lo dispuesto por la Ley Org\u00e1nica 15\/1999, de 13 de diciembre, de Protecci\u00f3n de Datos de Car\u00e1cter Personal (LOPD) y por la Ley 34\/2002, de 11 de julio, de Servicios de la Sociedad de la Informaci\u00f3n y de Comercio Electr\u00f3nico (LSSICE), ha puesto en pr\u00e1ctica aquellas pol\u00edticas, medios y procedimientos t\u00e9cnicos y organizativos para garantizar y proteger la confidencialidad, integridad y disponibilidad de los datos de car\u00e1cter personal de sus usuarios. Estos datos ser\u00e1n tratados en un\/os fichero\/s debidamente inscrito\/s en la Agencia Espa\u00f1ola de Protecci\u00f3n de Datos, de conformidad con lo establecido en la legislaci\u00f3n vigente.<\/p>\n<p>En el caso de que los<span>\u00a0<\/span><strong>datos<\/strong><span>\u00a0<\/span>a facilitar<span>\u00a0<\/span><strong>por el Usuario fueran necesarios<\/strong><span>\u00a0<\/span><strong>para<\/strong><span>\u00a0<\/span>que el equipo de<span> <strong>ST RAILING CANARIAS S.L.<\/strong><\/span>\u00a0pudiera i) responder a las<strong><span>\u00a0<\/span>consultas<\/strong>, proporcionar informaciones requeridas por el Usuario; ii) realizar toda aquella prestaci\u00f3n de<strong><span>\u00a0<\/span>servicios<\/strong><span>\u00a0<\/span>y\/o productos contratados o suscritos por el Usuario; iii) proporcionar acceso al Usuario a determinadas funcionalidades del Sitio Web; o bien iv) realizar todas aquellas<span>\u00a0<\/span><strong>actividades propias de<\/strong><span> <strong>ST RAILING CANARIAS S.L.<\/strong><\/span>\u00a0por la presente rese\u00f1adas,<span> <strong>ST RAILING CANARIAS S.L.<\/strong><\/span><strong>\u00a0informar\u00e1 de dicha obligatoriedad<\/strong><span>\u00a0<\/span>al Usuario, indic\u00e1ndole qu\u00e9 datos son de necesaria cumplimentaci\u00f3n. Mediante la indicaci\u00f3n, facilitaci\u00f3n o introducci\u00f3n de dichos datos y de conformidad con lo establecido en el art\u00edculo 6 de la L.O.P.D., el Usuario otorga consentimiento inequ\u00edvoco a<span> <strong>ST RAILING CANARIAS S.L.<\/strong><\/span><span>\u00a0<\/span>para que proceda al tratamiento de los datos facilitados en pro de los fines mencionados anteriormente as\u00ed como para el eventual env\u00edo de comunicaciones comerciales de<span> <strong>ST RAILING CANARIAS S.L.<\/strong><\/span>\u00a0que puedan ser del inter\u00e9s del usuario.<\/p>\n<p>La<span>\u00a0<\/span><strong>entidad responsable de la base de datos<\/strong>,<strong><span>\u00a0<\/span>as\u00ed como los que intervengan<\/strong><span>\u00a0<\/span>en cualquier fase del tratamiento y\/o las entidades a quienes les hayan sido comunicadas -en su caso y en virtud de la correspondiente autorizaci\u00f3n conferida por el Usuario-, est\u00e1n<span>\u00a0<\/span><strong>obligadas a observar el secreto profesional y a adoptar los niveles de protecci\u00f3n y<\/strong><span>\u00a0<\/span>las<strong><span>\u00a0<\/span>medidas<\/strong><span>\u00a0<\/span>t\u00e9cnicas y organizativas necesarias a su alcance que<span>\u00a0<\/span><strong>garanticen la seguridad de los datos<\/strong><span>\u00a0<\/span>de car\u00e1cter personal, evitando, en la medida de lo posible, accesos no autorizados, modificaciones il\u00edcitas, sustracciones y\/o la p\u00e9rdida de los datos, a fin de procurar el correspondiente nivel de seguridad a los ficheros de<span> <strong>ST RAILING CANARIAS S.L.<\/strong><\/span>, seg\u00fan la naturaleza y sensibilidad de los datos facilitados por los usuarios del presente Sitio Web. Asimismo,<span> <strong>ST RAILING CANARIAS S.L.<\/strong><\/span><span>\u00a0<\/span>se compromete a tener implementadas las medidas de seguridad que correspondan en virtud de lo establecido en el Reglamento de Medidas de (R.D. 1720\/2007).<\/p>\n<p>Los<span>\u00a0<\/span><strong>usuarios tienen<\/strong><span>\u00a0<\/span>reconocida por la indicada Ley Org\u00e1nica de Protecci\u00f3n de Datos los<span>\u00a0<\/span><strong>derechos de acceso, rectificaci\u00f3n, cancelaci\u00f3n y oposici\u00f3n y,<\/strong><span>\u00a0<\/span>en su caso, el derecho a<span>\u00a0<\/span><strong>revocar<\/strong><span>\u00a0<\/span>en<span>\u00a0<\/span><strong>cualquier momento<\/strong><span>\u00a0<\/span>el<span>\u00a0<\/span><strong>consentimiento<\/strong><span>\u00a0<\/span>prestado a la recepci\u00f3n de comunicaciones comerciales mediante el env\u00edo de<span>\u00a0<\/span><strong>correo electr\u00f3nico a railingcanarias@gmail.com<\/strong><span>\u00a0<\/span><strong>o carta<\/strong><span>\u00a0<\/span>a<strong><span> C\/ Los Dragos, 76 Pol\u00edgono Arinaga, Ag\u00fcimes, Las Palmas, 35118<\/span><b>.<\/b><\/strong><\/p>\n<p>[\/et_pb_text][\/et_pb_column][\/et_pb_row][\/et_pb_section]<\/p>\n","protected":false},"excerpt":{"rendered":"<p>ST RAILING CANARIAS S.L., como responsable del presente Sitio Web y de conformidad con lo dispuesto por la Ley Org\u00e1nica 15\/1999, de 13 de diciembre, de Protecci\u00f3n de Datos de Car\u00e1cter Personal (LOPD) y por la Ley 34\/2002, de 11 de julio, de Servicios de la Sociedad de la Informaci\u00f3n y de Comercio Electr\u00f3nico (LSSICE), [&hellip;]<\/p>\n","protected":false},"author":3,"featured_media":0,"parent":0,"menu_order":0,"comment_status":"closed","ping_status":"closed","template":"","meta":{"_et_pb_use_builder":"on","_et_pb_old_content":"","_et_gb_content_width":"","footnotes":""},"class_list":["post-350","page","type-page","status-publish","hentry"],"aioseo_notices":[],"yoast_head":"<!-- This site is optimized with the Yoast SEO plugin v27.6 - https:\/\/yoast.com\/product\/yoast-seo-wordpress\/ -->\n<title>T\u00e9rminos de Uso - ST RAILING CANARIAS<\/title>\n<meta name=\"robots\" content=\"index, follow, max-snippet:-1, max-image-preview:large, max-video-preview:-1\" \/>\n<link rel=\"canonical\" href=\"https:\/\/railingcanarias.es\/?page_id=350\" \/>\n<meta property=\"og:locale\" content=\"es_ES\" \/>\n<meta property=\"og:type\" content=\"article\" \/>\n<meta property=\"og:title\" content=\"T\u00e9rminos de Uso - ST RAILING CANARIAS\" \/>\n<meta property=\"og:description\" content=\"ST RAILING CANARIAS S.L., como responsable del presente Sitio Web y de conformidad con lo dispuesto por la Ley Org\u00e1nica 15\/1999, de 13 de diciembre, de Protecci\u00f3n de Datos de Car\u00e1cter Personal (LOPD) y por la Ley 34\/2002, de 11 de julio, de Servicios de la Sociedad de la Informaci\u00f3n y de Comercio Electr\u00f3nico (LSSICE), [&hellip;]\" \/>\n<meta property=\"og:url\" content=\"https:\/\/railingcanarias.es\/?page_id=350\" \/>\n<meta property=\"og:site_name\" content=\"ST RAILING CANARIAS\" \/>\n<meta property=\"article:modified_time\" content=\"2025-04-02T19:40:14+00:00\" \/>\n<meta name=\"twitter:card\" content=\"summary_large_image\" \/>\n<script type=\"application\/ld+json\" class=\"yoast-schema-graph\">{\"@context\":\"https:\\\/\\\/schema.org\",\"@graph\":[{\"@type\":\"WebPage\",\"@id\":\"https:\\\/\\\/railingcanarias.es\\\/?page_id=350\",\"url\":\"https:\\\/\\\/railingcanarias.es\\\/?page_id=350\",\"name\":\"T\u00e9rminos de Uso - ST RAILING CANARIAS\",\"isPartOf\":{\"@id\":\"https:\\\/\\\/railingcanarias.es\\\/#website\"},\"datePublished\":\"2025-04-02T19:38:48+00:00\",\"dateModified\":\"2025-04-02T19:40:14+00:00\",\"breadcrumb\":{\"@id\":\"https:\\\/\\\/railingcanarias.es\\\/?page_id=350#breadcrumb\"},\"inLanguage\":\"es\",\"potentialAction\":[{\"@type\":\"ReadAction\",\"target\":[\"https:\\\/\\\/railingcanarias.es\\\/?page_id=350\"]}]},{\"@type\":\"BreadcrumbList\",\"@id\":\"https:\\\/\\\/railingcanarias.es\\\/?page_id=350#breadcrumb\",\"itemListElement\":[{\"@type\":\"ListItem\",\"position\":1,\"name\":\"Portada\",\"item\":\"https:\\\/\\\/railingcanarias.es\\\/\"},{\"@type\":\"ListItem\",\"position\":2,\"name\":\"T\u00e9rminos de Uso\"}]},{\"@type\":\"WebSite\",\"@id\":\"https:\\\/\\\/railingcanarias.es\\\/#website\",\"url\":\"https:\\\/\\\/railingcanarias.es\\\/\",\"name\":\"ST RAILING CANARIAS, S.L.\",\"description\":\"\",\"potentialAction\":[{\"@type\":\"SearchAction\",\"target\":{\"@type\":\"EntryPoint\",\"urlTemplate\":\"https:\\\/\\\/railingcanarias.es\\\/?s={search_term_string}\"},\"query-input\":{\"@type\":\"PropertyValueSpecification\",\"valueRequired\":true,\"valueName\":\"search_term_string\"}}],\"inLanguage\":\"es\"}]}<\/script>\n<!-- \/ Yoast SEO plugin. -->","yoast_head_json":{"title":"T\u00e9rminos de Uso - ST RAILING CANARIAS","robots":{"index":"index","follow":"follow","max-snippet":"max-snippet:-1","max-image-preview":"max-image-preview:large","max-video-preview":"max-video-preview:-1"},"canonical":"https:\/\/railingcanarias.es\/?page_id=350","og_locale":"es_ES","og_type":"article","og_title":"T\u00e9rminos de Uso - ST RAILING CANARIAS","og_description":"ST RAILING CANARIAS S.L., como responsable del presente Sitio Web y de conformidad con lo dispuesto por la Ley Org\u00e1nica 15\/1999, de 13 de diciembre, de Protecci\u00f3n de Datos de Car\u00e1cter Personal (LOPD) y por la Ley 34\/2002, de 11 de julio, de Servicios de la Sociedad de la Informaci\u00f3n y de Comercio Electr\u00f3nico (LSSICE), [&hellip;]","og_url":"https:\/\/railingcanarias.es\/?page_id=350","og_site_name":"ST RAILING CANARIAS","article_modified_time":"2025-04-02T19:40:14+00:00","twitter_card":"summary_large_image","schema":{"@context":"https:\/\/schema.org","@graph":[{"@type":"WebPage","@id":"https:\/\/railingcanarias.es\/?page_id=350","url":"https:\/\/railingcanarias.es\/?page_id=350","name":"T\u00e9rminos de Uso - ST RAILING CANARIAS","isPartOf":{"@id":"https:\/\/railingcanarias.es\/#website"},"datePublished":"2025-04-02T19:38:48+00:00","dateModified":"2025-04-02T19:40:14+00:00","breadcrumb":{"@id":"https:\/\/railingcanarias.es\/?page_id=350#breadcrumb"},"inLanguage":"es","potentialAction":[{"@type":"ReadAction","target":["https:\/\/railingcanarias.es\/?page_id=350"]}]},{"@type":"BreadcrumbList","@id":"https:\/\/railingcanarias.es\/?page_id=350#breadcrumb","itemListElement":[{"@type":"ListItem","position":1,"name":"Portada","item":"https:\/\/railingcanarias.es\/"},{"@type":"ListItem","position":2,"name":"T\u00e9rminos de Uso"}]},{"@type":"WebSite","@id":"https:\/\/railingcanarias.es\/#website","url":"https:\/\/railingcanarias.es\/","name":"ST RAILING CANARIAS, S.L.","description":"","potentialAction":[{"@type":"SearchAction","target":{"@type":"EntryPoint","urlTemplate":"https:\/\/railingcanarias.es\/?s={search_term_string}"},"query-input":{"@type":"PropertyValueSpecification","valueRequired":true,"valueName":"search_term_string"}}],"inLanguage":"es"}]}},"_links":{"self":[{"href":"https:\/\/railingcanarias.es\/index.php?rest_route=\/wp\/v2\/pages\/350","targetHints":{"allow":["GET"]}}],"collection":[{"href":"https:\/\/railingcanarias.es\/index.php?rest_route=\/wp\/v2\/pages"}],"about":[{"href":"https:\/\/railingcanarias.es\/index.php?rest_route=\/wp\/v2\/types\/page"}],"author":[{"embeddable":true,"href":"https:\/\/railingcanarias.es\/index.php?rest_route=\/wp\/v2\/users\/3"}],"replies":[{"embeddable":true,"href":"https:\/\/railingcanarias.es\/index.php?rest_route=%2Fwp%2Fv2%2Fcomments&post=350"}],"version-history":[{"count":3,"href":"https:\/\/railingcanarias.es\/index.php?rest_route=\/wp\/v2\/pages\/350\/revisions"}],"predecessor-version":[{"id":353,"href":"https:\/\/railingcanarias.es\/index.php?rest_route=\/wp\/v2\/pages\/350\/revisions\/353"}],"wp:attachment":[{"href":"https:\/\/railingcanarias.es\/index.php?rest_route=%2Fwp%2Fv2%2Fmedia&parent=350"}],"curies":[{"name":"wp","href":"https:\/\/api.w.org\/{rel}","templated":true}]}}